{"id":3,"date":"2025-02-23T19:15:52","date_gmt":"2025-02-23T19:15:52","guid":{"rendered":"https:\/\/perfisa.com.mx\/?page_id=3"},"modified":"2025-02-24T07:45:14","modified_gmt":"2025-02-24T07:45:14","slug":"aviso-de-privacidad","status":"publish","type":"page","link":"https:\/\/perfisa.com.mx\/index.php\/aviso-de-privacidad\/","title":{"rendered":"Aviso de Privacidad"},"content":{"rendered":"<p>[et_pb_section fb_built=\u00bb1&#8243; _builder_version=\u00bb3.22&#8243; global_colors_info=\u00bb{}\u00bb][et_pb_row _builder_version=\u00bb3.25&#8243; background_size=\u00bbinitial\u00bb background_position=\u00bbtop_left\u00bb background_repeat=\u00bbrepeat\u00bb global_colors_info=\u00bb{}\u00bb][et_pb_column type=\u00bb4_4&#8243; _builder_version=\u00bb3.25&#8243; custom_padding=\u00bb|||\u00bb global_colors_info=\u00bb{}\u00bb custom_padding__hover=\u00bb|||\u00bb][et_pb_text _builder_version=\u00bb4.14.1&#8243; _module_preset=\u00bbdefault\u00bb text_font=\u00bbTeko||||||||\u00bb text_font_size=\u00bb100px\u00bb text_orientation=\u00bbcenter\u00bb text_text_color=\u00bb#E02B20&#8243; hover_enabled=\u00bb0&#8243; sticky_enabled=\u00bb0&#8243; custom_margin=\u00bb||71px|||\u00bb]<\/p>\n<p>Aviso de Privacidad<\/p>\n<p>[\/et_pb_text][et_pb_text _builder_version=\u00bb4.14.1&#8243; background_size=\u00bbinitial\u00bb background_position=\u00bbtop_left\u00bb background_repeat=\u00bbrepeat\u00bb hover_enabled=\u00bb0&#8243; global_colors_info=\u00bb{}\u00bb header_5_font_size=\u00bb22px\u00bb header_5_line_height=\u00bb1.5em\u00bb sticky_enabled=\u00bb0&#8243;]<!-- divi:heading --><\/p>\n<h5>En cumplimiento a la Ley Federal de Protecci\u00f3n de Datos Personales en Posesi\u00f3n de Particulares le informamos lo siguiente:<\/h5>\n<h5>PERFISA es responsable de recabar sus datos personales, del uso que se le d\u00e9 a los mismos y de su protecci\u00f3n.<\/h5>\n<h5><\/h5>\n<h5>PERFISA puede tratar Datos Personales, es decir, informaci\u00f3n que lo identifica o lo hace identificable. Algunos de estos datos personales son, por ejemplo: nombre, g\u00e9nero, correo electr\u00f3nico, domicilio postal, domicilio de entrega (en caso de pedidos), n\u00famero de tel\u00e9fono, n\u00famero de identificaci\u00f3n de documento, fecha de nacimiento, servicios que ofrece su empresa, datos de pago (tales como, n\u00famero de tarjeta de cr\u00e9dito, vigencia), datos de facturaci\u00f3n. Estos datos personales usted los proporciona voluntariamente al contratarnos, en boletines, promociones, obtener soporte t\u00e9cnico, registrarse para cierta actividad, ordenar productos o servicios y al registrarse para participar en otras actividades que<\/h5>\n<h5>PERFISA ofrezca. Lo anterior, a fin de adaptar nuestros productos o servicios y nuestras promociones a sus preferencias y el proyecto en el que nos vemos involucrados con usted.<\/h5>\n<h5>Cabe afirmarle que no se est\u00e1n solicitando informaci\u00f3n personal sensible, conforme lo indicado en la ley en cuesti\u00f3n.<\/h5>\n<h5><strong>Seguridad<\/strong><\/h5>\n<h5>PERFISA ha adoptado las medidas de seguridad, administrativas, t\u00e9cnicas y f\u00edsicas, necesarias para proteger sus datos personales contra da\u00f1o, p\u00e9rdida, alteraci\u00f3n, destrucci\u00f3n o el uso, acceso o tratamiento no autorizado. Sin embargo, PERFISA no puede y por ende no garantiza que no existir\u00e1 un acceso no autorizado a sus datos personales o que las comunicaciones est\u00e9n libres de toda interrupci\u00f3n, error o intercepci\u00f3n por terceros no autorizados. En el caso requerido por una Autoridad competente y previo el cumplimiento del tr\u00e1mite legal que corresponda.<\/h5>\n<h5>Usted tiene derecho a acceder, rectificar y cancelar sus datos personales, as\u00ed como de oponerse al tratamiento de los mismos o revocar el consentimiento que para el fin nos haya otorgado, a trav\u00e9s de los procedimientos que hemos implementado. Para conocer dichos procedimientos, los requisitos y plazos, se puede poner en contacto visitando nuestro sitio web perfisa.com.mx en la secci\u00f3n de \u201ccontacto\u201d.<\/h5>\n<h5>En la recolecci\u00f3n de datos personales, seguimos todos los principios que marca la ley (art. 6): Licitud, calidad, consentimiento, informaci\u00f3n, finalidad, lealtad, proporcionalidad y responsabilidad.<\/h5>\n<h5>Asimismo, le informamos que sus datos personales pueden ser transferidos y tratados dentro y fuera del pa\u00eds, por personas distintas a esta empresa. En ese sentido, su informaci\u00f3n puede ser compartida con empresas y personas f\u00edsicas que colaboran en la empresa Indsesa en el proceso del trabajo contratado. Si usted no manifiesta su oposici\u00f3n para que sus datos personales sean transferidos, se entender\u00e1 que ha otorgado su consentimiento para ello.<\/h5>\n<h5>Si usted desea dejar de recibir mensajes promocionales de nuestra parte puede solicitarlo a trav\u00e9s de nuestra p\u00e1gina web en la secci\u00f3n de \u201ccontacto\u201d.<\/h5>\n<h5><strong>Cambios al Aviso de Privacidad<\/strong><\/h5>\n<h5>Indsesa se reserva el derecho de modificar o enmendar, total o parcialmente, el presente Aviso de Privacidad. El Aviso de Privacidad modificado se le har\u00e1 llegar al correo electr\u00f3nico que nos proporcion\u00f3 o se publicar\u00e1 en la p\u00e1gina web. La falta de oposici\u00f3n al nuevo Aviso de Privacidad dentro de los 5 d\u00edas h\u00e1biles siguientes a su recepci\u00f3n se entender\u00e1 como su aceptaci\u00f3n a los t\u00e9rminos que en \u00e9l se establecen.<\/h5>\n<h5>Cualquier modificaci\u00f3n a este aviso de privacidad podr\u00e1 consultar la p\u00e1gina web<a href=\"http:\/\/perfisa.com.mx\/aviso-de-privacidad\/\"><span>\u00a0<\/span>http:\/\/perfisa.com.mx\/aviso-de-privacidad\/<\/a><\/h5>\n<h5><strong>Consentimiento<\/strong><\/h5>\n<h5>Al proporcionar cualquier tipo de informaci\u00f3n, incluyendo sus datos personales, usted expresamente: (i) acepta las condiciones contenidas en el presente Aviso de Privacidad; (ii) est\u00e1 de acuerdo en que la informaci\u00f3n proporcionada por usted pueda almacenarse, usarse y, en general, tratarse para los fines que se se\u00f1alan, incluso para fines comerciales y de promoci\u00f3n; (iii) otorga a Embobinado de Motores Industriales D.C.,A.C.<\/h5>\n<h5>autorizaci\u00f3n para obtener, compilar, almacenar, compartir, comunicar, transmitir y usar tal informaci\u00f3n de cualquier manera o forma, de conformidad con las condiciones establecidas en el presente y las leyes aplicables.<\/h5>\n<h5>Le\u00eddo lo anterior, consiento que mis datos personales y personales sensibles sean tratados conforme a los t\u00e9rminos y condiciones del presente Aviso de Privacidad.<\/h5>\n<h5><strong>Galletas o Cookies<\/strong><\/h5>\n<h5>Este sitio hace uso de cookies, las cuales son peque\u00f1os ficheros de datos que se generan en su ordenador que env\u00edan informaci\u00f3n pero sin proporcionar referencias que permitan deducir datos personales del visitante. Usted podr\u00e1 configurar su navegador para que notifique y rechace la instalaci\u00f3n de las cookies enviadas por este sitio, sin que ello perjudique la posibilidad de acceder a los contenidos. Sin embargo, la desactivaci\u00f3n de las mismas podr\u00eda impedir el buen funcionamiento del sitio.<\/h5>\n<h5><strong>Marcas Web o Web Beacons<\/strong><\/h5>\n<h5>Al igual que las cookies este sitio tambi\u00e9n puede contener web beacons, un archivo electr\u00f3nico gr\u00e1fico que permite contabilizar a los usuarios que acceden al sitio o acceden a determinadas cookies del mismo, de esta manera, podremos ofrecerle una experiencia a\u00fan m\u00e1s personalizada.<\/h5>\n<h5><strong>Contacto<\/strong><\/h5>\n<h5>Preguntas, comentarios, ejercicio de derechos en el siguiente enlace:<br \/><a href=\"http:\/\/articorefrigeracion.com\/contacto\/\">http:\/\/perfisa.com.mx\/contacto\/<\/a><\/h5>\n<p>&nbsp;<\/p>\n<p>&nbsp;<\/p>\n<p>&nbsp;<\/p>\n<p>&nbsp;<\/p>\n<p>&nbsp;<\/p>\n<p>&nbsp;<\/p>\n<p>&nbsp;<\/p>\n<p><!-- \/divi:paragraph -->[\/et_pb_text][\/et_pb_column][\/et_pb_row][\/et_pb_section]<\/p>\n","protected":false},"excerpt":{"rendered":"<p>Aviso de Privacidad En cumplimiento a la Ley Federal de Protecci\u00f3n de Datos Personales en Posesi\u00f3n de Particulares le informamos lo siguiente: PERFISA es responsable de recabar sus datos personales, del uso que se le d\u00e9 a los mismos y de su protecci\u00f3n. PERFISA puede tratar Datos Personales, es decir, informaci\u00f3n que lo identifica o [&hellip;]<\/p>\n","protected":false},"author":1,"featured_media":0,"parent":0,"menu_order":0,"comment_status":"closed","ping_status":"closed","template":"","meta":{"_et_pb_use_builder":"on","_et_pb_old_content":"<!-- wp:heading -->\n<h2 class=\"wp-block-heading\">Who we are<\/h2>\n<!-- \/wp:heading -->\n<!-- wp:paragraph -->\n<p><strong class=\"privacy-policy-tutorial\">Suggested text: <\/strong>Our website address is: https:\/\/perfisa.com.mx.<\/p>\n<!-- \/wp:paragraph -->\n<!-- wp:heading -->\n<h2 class=\"wp-block-heading\">Comments<\/h2>\n<!-- \/wp:heading -->\n<!-- wp:paragraph -->\n<p><strong class=\"privacy-policy-tutorial\">Suggested text: <\/strong>When visitors leave comments on the site we collect the data shown in the comments form, and also the visitor&#8217;s IP address and browser user agent string to help spam detection.<\/p>\n<!-- \/wp:paragraph -->\n<!-- wp:paragraph -->\n<p>An anonymized string created from your email address (also called a hash) may be provided to the Gravatar service to see if you are using it. The Gravatar service privacy policy is available here: https:\/\/automattic.com\/privacy\/. After approval of your comment, your profile picture is visible to the public in the context of your comment.<\/p>\n<!-- \/wp:paragraph -->\n<!-- wp:heading -->\n<h2 class=\"wp-block-heading\">Media<\/h2>\n<!-- \/wp:heading -->\n<!-- wp:paragraph -->\n<p><strong class=\"privacy-policy-tutorial\">Suggested text: <\/strong>If you upload images to the website, you should avoid uploading images with embedded location data (EXIF GPS) included. Visitors to the website can download and extract any location data from images on the website.<\/p>\n<!-- \/wp:paragraph -->\n<!-- wp:heading -->\n<h2 class=\"wp-block-heading\">Cookies<\/h2>\n<!-- \/wp:heading -->\n<!-- wp:paragraph -->\n<p><strong class=\"privacy-policy-tutorial\">Suggested text: <\/strong>If you leave a comment on our site you may opt-in to saving your name, email address and website in cookies. These are for your convenience so that you do not have to fill in your details again when you leave another comment. These cookies will last for one year.<\/p>\n<!-- \/wp:paragraph -->\n<!-- wp:paragraph -->\n<p>If you visit our login page, we will set a temporary cookie to determine if your browser accepts cookies. This cookie contains no personal data and is discarded when you close your browser.<\/p>\n<!-- \/wp:paragraph -->\n<!-- wp:paragraph -->\n<p>When you log in, we will also set up several cookies to save your login information and your screen display choices. Login cookies last for two days, and screen options cookies last for a year. If you select &quot;Remember Me&quot;, your login will persist for two weeks. If you log out of your account, the login cookies will be removed.<\/p>\n<!-- \/wp:paragraph -->\n<!-- wp:paragraph -->\n<p>If you edit or publish an article, an additional cookie will be saved in your browser. This cookie includes no personal data and simply indicates the post ID of the article you just edited. It expires after 1 day.<\/p>\n<!-- \/wp:paragraph -->\n<!-- wp:heading -->\n<h2 class=\"wp-block-heading\">Embedded content from other websites<\/h2>\n<!-- \/wp:heading -->\n<!-- wp:paragraph -->\n<p><strong class=\"privacy-policy-tutorial\">Suggested text: <\/strong>Articles on this site may include embedded content (e.g. videos, images, articles, etc.). Embedded content from other websites behaves in the exact same way as if the visitor has visited the other website.<\/p>\n<!-- \/wp:paragraph -->\n<!-- wp:paragraph -->\n<p>These websites may collect data about you, use cookies, embed additional third-party tracking, and monitor your interaction with that embedded content, including tracking your interaction with the embedded content if you have an account and are logged in to that website.<\/p>\n<!-- \/wp:paragraph -->\n<!-- wp:heading -->\n<h2 class=\"wp-block-heading\">Who we share your data with<\/h2>\n<!-- \/wp:heading -->\n<!-- wp:paragraph -->\n<p><strong class=\"privacy-policy-tutorial\">Suggested text: <\/strong>If you request a password reset, your IP address will be included in the reset email.<\/p>\n<!-- \/wp:paragraph -->\n<!-- wp:heading -->\n<h2 class=\"wp-block-heading\">How long we retain your data<\/h2>\n<!-- \/wp:heading -->\n<!-- wp:paragraph -->\n<p><strong class=\"privacy-policy-tutorial\">Suggested text: <\/strong>If you leave a comment, the comment and its metadata are retained indefinitely. This is so we can recognize and approve any follow-up comments automatically instead of holding them in a moderation queue.<\/p>\n<!-- \/wp:paragraph -->\n<!-- wp:paragraph -->\n<p>For users that register on our website (if any), we also store the personal information they provide in their user profile. All users can see, edit, or delete their personal information at any time (except they cannot change their username). Website administrators can also see and edit that information.<\/p>\n<!-- \/wp:paragraph -->\n<!-- wp:heading -->\n<h2 class=\"wp-block-heading\">What rights you have over your data<\/h2>\n<!-- \/wp:heading -->\n<!-- wp:paragraph -->\n<p><strong class=\"privacy-policy-tutorial\">Suggested text: <\/strong>If you have an account on this site, or have left comments, you can request to receive an exported file of the personal data we hold about you, including any data you have provided to us. You can also request that we erase any personal data we hold about you. This does not include any data we are obliged to keep for administrative, legal, or security purposes.<\/p>\n<!-- \/wp:paragraph -->\n<!-- wp:heading -->\n<h2 class=\"wp-block-heading\">Where your data is sent<\/h2>\n<!-- \/wp:heading -->\n<!-- wp:paragraph -->\n<p><strong class=\"privacy-policy-tutorial\">Suggested text: <\/strong>Visitor comments may be checked through an automated spam detection service.<\/p>\n<!-- \/wp:paragraph -->\n","_et_gb_content_width":"","footnotes":""},"class_list":["post-3","page","type-page","status-publish","hentry"],"yoast_head":"<!-- This site is optimized with the Yoast SEO plugin v24.5 - https:\/\/yoast.com\/wordpress\/plugins\/seo\/ -->\n<title>Aviso de Privacidad - Perfiles y Fierros S\u00e1nchez<\/title>\n<meta name=\"robots\" content=\"index, follow, max-snippet:-1, max-image-preview:large, max-video-preview:-1\" \/>\n<link rel=\"canonical\" href=\"https:\/\/perfisa.com.mx\/index.php\/aviso-de-privacidad\/\" \/>\n<meta property=\"og:locale\" content=\"es_ES\" \/>\n<meta property=\"og:type\" content=\"article\" \/>\n<meta property=\"og:title\" content=\"Aviso de Privacidad - Perfiles y Fierros S\u00e1nchez\" \/>\n<meta property=\"og:description\" content=\"Aviso de Privacidad En cumplimiento a la Ley Federal de Protecci\u00f3n de Datos Personales en Posesi\u00f3n de Particulares le informamos lo siguiente: PERFISA es responsable de recabar sus datos personales, del uso que se le d\u00e9 a los mismos y de su protecci\u00f3n. PERFISA puede tratar Datos Personales, es decir, informaci\u00f3n que lo identifica o [&hellip;]\" \/>\n<meta property=\"og:url\" content=\"https:\/\/perfisa.com.mx\/index.php\/aviso-de-privacidad\/\" \/>\n<meta property=\"og:site_name\" content=\"Perfiles y Fierros S\u00e1nchez\" \/>\n<meta property=\"article:modified_time\" content=\"2025-02-24T07:45:14+00:00\" \/>\n<meta name=\"twitter:card\" content=\"summary_large_image\" \/>\n<meta name=\"twitter:label1\" content=\"Tiempo de lectura\" \/>\n\t<meta name=\"twitter:data1\" content=\"3 minutos\" \/>\n<script type=\"application\/ld+json\" class=\"yoast-schema-graph\">{\"@context\":\"https:\/\/schema.org\",\"@graph\":[{\"@type\":\"WebPage\",\"@id\":\"https:\/\/perfisa.com.mx\/index.php\/aviso-de-privacidad\/\",\"url\":\"https:\/\/perfisa.com.mx\/index.php\/aviso-de-privacidad\/\",\"name\":\"Aviso de Privacidad - Perfiles y Fierros S\u00e1nchez\",\"isPartOf\":{\"@id\":\"https:\/\/perfisa.com.mx\/#website\"},\"datePublished\":\"2025-02-23T19:15:52+00:00\",\"dateModified\":\"2025-02-24T07:45:14+00:00\",\"breadcrumb\":{\"@id\":\"https:\/\/perfisa.com.mx\/index.php\/aviso-de-privacidad\/#breadcrumb\"},\"inLanguage\":\"es\",\"potentialAction\":[{\"@type\":\"ReadAction\",\"target\":[\"https:\/\/perfisa.com.mx\/index.php\/aviso-de-privacidad\/\"]}]},{\"@type\":\"BreadcrumbList\",\"@id\":\"https:\/\/perfisa.com.mx\/index.php\/aviso-de-privacidad\/#breadcrumb\",\"itemListElement\":[{\"@type\":\"ListItem\",\"position\":1,\"name\":\"Portada\",\"item\":\"https:\/\/perfisa.com.mx\/\"},{\"@type\":\"ListItem\",\"position\":2,\"name\":\"Aviso de Privacidad\"}]},{\"@type\":\"WebSite\",\"@id\":\"https:\/\/perfisa.com.mx\/#website\",\"url\":\"https:\/\/perfisa.com.mx\/\",\"name\":\"Perfiles y Fierros S\u00e1nchez\",\"description\":\"Perfiles y Fierros S\u00e1nchez\",\"potentialAction\":[{\"@type\":\"SearchAction\",\"target\":{\"@type\":\"EntryPoint\",\"urlTemplate\":\"https:\/\/perfisa.com.mx\/?s={search_term_string}\"},\"query-input\":{\"@type\":\"PropertyValueSpecification\",\"valueRequired\":true,\"valueName\":\"search_term_string\"}}],\"inLanguage\":\"es\"}]}<\/script>\n<!-- \/ Yoast SEO plugin. -->","yoast_head_json":{"title":"Aviso de Privacidad - Perfiles y Fierros S\u00e1nchez","robots":{"index":"index","follow":"follow","max-snippet":"max-snippet:-1","max-image-preview":"max-image-preview:large","max-video-preview":"max-video-preview:-1"},"canonical":"https:\/\/perfisa.com.mx\/index.php\/aviso-de-privacidad\/","og_locale":"es_ES","og_type":"article","og_title":"Aviso de Privacidad - Perfiles y Fierros S\u00e1nchez","og_description":"Aviso de Privacidad En cumplimiento a la Ley Federal de Protecci\u00f3n de Datos Personales en Posesi\u00f3n de Particulares le informamos lo siguiente: PERFISA es responsable de recabar sus datos personales, del uso que se le d\u00e9 a los mismos y de su protecci\u00f3n. PERFISA puede tratar Datos Personales, es decir, informaci\u00f3n que lo identifica o [&hellip;]","og_url":"https:\/\/perfisa.com.mx\/index.php\/aviso-de-privacidad\/","og_site_name":"Perfiles y Fierros S\u00e1nchez","article_modified_time":"2025-02-24T07:45:14+00:00","twitter_card":"summary_large_image","twitter_misc":{"Tiempo de lectura":"3 minutos"},"schema":{"@context":"https:\/\/schema.org","@graph":[{"@type":"WebPage","@id":"https:\/\/perfisa.com.mx\/index.php\/aviso-de-privacidad\/","url":"https:\/\/perfisa.com.mx\/index.php\/aviso-de-privacidad\/","name":"Aviso de Privacidad - Perfiles y Fierros S\u00e1nchez","isPartOf":{"@id":"https:\/\/perfisa.com.mx\/#website"},"datePublished":"2025-02-23T19:15:52+00:00","dateModified":"2025-02-24T07:45:14+00:00","breadcrumb":{"@id":"https:\/\/perfisa.com.mx\/index.php\/aviso-de-privacidad\/#breadcrumb"},"inLanguage":"es","potentialAction":[{"@type":"ReadAction","target":["https:\/\/perfisa.com.mx\/index.php\/aviso-de-privacidad\/"]}]},{"@type":"BreadcrumbList","@id":"https:\/\/perfisa.com.mx\/index.php\/aviso-de-privacidad\/#breadcrumb","itemListElement":[{"@type":"ListItem","position":1,"name":"Portada","item":"https:\/\/perfisa.com.mx\/"},{"@type":"ListItem","position":2,"name":"Aviso de Privacidad"}]},{"@type":"WebSite","@id":"https:\/\/perfisa.com.mx\/#website","url":"https:\/\/perfisa.com.mx\/","name":"Perfiles y Fierros S\u00e1nchez","description":"Perfiles y Fierros S\u00e1nchez","potentialAction":[{"@type":"SearchAction","target":{"@type":"EntryPoint","urlTemplate":"https:\/\/perfisa.com.mx\/?s={search_term_string}"},"query-input":{"@type":"PropertyValueSpecification","valueRequired":true,"valueName":"search_term_string"}}],"inLanguage":"es"}]}},"_links":{"self":[{"href":"https:\/\/perfisa.com.mx\/index.php\/wp-json\/wp\/v2\/pages\/3","targetHints":{"allow":["GET"]}}],"collection":[{"href":"https:\/\/perfisa.com.mx\/index.php\/wp-json\/wp\/v2\/pages"}],"about":[{"href":"https:\/\/perfisa.com.mx\/index.php\/wp-json\/wp\/v2\/types\/page"}],"author":[{"embeddable":true,"href":"https:\/\/perfisa.com.mx\/index.php\/wp-json\/wp\/v2\/users\/1"}],"replies":[{"embeddable":true,"href":"https:\/\/perfisa.com.mx\/index.php\/wp-json\/wp\/v2\/comments?post=3"}],"version-history":[{"count":6,"href":"https:\/\/perfisa.com.mx\/index.php\/wp-json\/wp\/v2\/pages\/3\/revisions"}],"predecessor-version":[{"id":96,"href":"https:\/\/perfisa.com.mx\/index.php\/wp-json\/wp\/v2\/pages\/3\/revisions\/96"}],"wp:attachment":[{"href":"https:\/\/perfisa.com.mx\/index.php\/wp-json\/wp\/v2\/media?parent=3"}],"curies":[{"name":"wp","href":"https:\/\/api.w.org\/{rel}","templated":true}]}}